{"id":44,"date":"2017-05-04T12:06:15","date_gmt":"2017-05-04T12:06:15","guid":{"rendered":"https:\/\/wordpress.laprimera.net\/divi\/?page_id=44"},"modified":"2023-05-25T09:07:29","modified_gmt":"2023-05-25T09:07:29","slug":"contacto","status":"publish","type":"page","link":"https:\/\/tudermur.es\/?page_id=44","title":{"rendered":"Contacto"},"content":{"rendered":"<p>[et_pb_section fb_built=\u00bb1&#8243; fullwidth=\u00bbon\u00bb _builder_version=\u00bb4.14.2&#8243; _module_preset=\u00bbdefault\u00bb global_colors_info=\u00bb{}\u00bb][et_pb_fullwidth_code _builder_version=\u00bb4.14.2&#8243; _module_preset=\u00bbdefault\u00bb global_colors_info=\u00bb{}\u00bb]<iframe loading=\"lazy\" src=\"https:\/\/www.google.com\/maps\/d\/u\/6\/embed?mid=1sDH_99_5P9kfC3afHho1tqS0F8B9i5Wx&#038;ehbc=2E312F\" width=\"100%\" height=\"360\"><\/iframe>[\/et_pb_fullwidth_code][\/et_pb_section][et_pb_section fb_built=\u00bb1&#8243; specialty=\u00bbon\u00bb admin_label=\u00bbContact\u00bb _builder_version=\u00bb3.22&#8243; background_color=\u00bbrgba(0,0,0,0)\u00bb custom_margin=\u00bb8px|||||\u00bb custom_padding=\u00bb0px|0px|54px|0px\u00bb global_colors_info=\u00bb{}\u00bb][et_pb_column type=\u00bb1_2&#8243; specialty_columns=\u00bb2&#8243; _builder_version=\u00bb3.25&#8243; custom_padding=\u00bb|||\u00bb global_colors_info=\u00bb{}\u00bb custom_padding__hover=\u00bb|||\u00bb][et_pb_row_inner custom_padding_last_edited=\u00bbon|desktop\u00bb _builder_version=\u00bb3.25&#8243; background_color=\u00bb#ffffff\u00bb custom_margin=\u00bb2px||80px|||\u00bb custom_padding=\u00bb2px|60px|60px|60px||\u00bb custom_padding_tablet=\u00bb\u00bb custom_padding_phone=\u00bb|40px||40px\u00bb box_shadow_style=\u00bbpreset3&#8243; box_shadow_vertical=\u00bb15px\u00bb box_shadow_blur=\u00bb80px\u00bb global_colors_info=\u00bb{}\u00bb][et_pb_column_inner saved_specialty_column_type=\u00bb1_2&#8243; _builder_version=\u00bb3.25&#8243; custom_padding=\u00bb|||\u00bb global_colors_info=\u00bb{}\u00bb custom_padding__hover=\u00bb|||\u00bb][et_pb_text _builder_version=\u00bb4.14.2&#8243; text_font=\u00bb|||on|||||\u00bb header_font=\u00bb||||||||\u00bb header_2_font=\u00bbPlayfair Display|700|||||||\u00bb header_2_font_size=\u00bb38px\u00bb header_2_letter_spacing=\u00bb1px\u00bb header_2_line_height=\u00bb1.4em\u00bb header_3_font=\u00bbPoppins|700||on|||||\u00bb header_3_text_color=\u00bb#edbb5f\u00bb header_3_font_size=\u00bb14px\u00bb header_3_letter_spacing=\u00bb1px\u00bb header_3_line_height=\u00bb2em\u00bb text_orientation=\u00bbcenter\u00bb max_width=\u00bb550px\u00bb module_alignment=\u00bbcenter\u00bb header_2_font_size_tablet=\u00bb\u00bb header_2_font_size_phone=\u00bb24px\u00bb header_2_font_size_last_edited=\u00bbon|phone\u00bb locked=\u00bboff\u00bb global_colors_info=\u00bb{}\u00bb]<\/p>\n<h2><span style=\"color: #000000;\">\u00a1Cont\u00e1ctanos!<\/span><\/h2>\n<p>[\/et_pb_text][et_pb_contact_form captcha=\u00bboff\u00bb email=\u00bbinfo@tudermur.es\u00bb custom_message=\u00bbFormulario de contacto||et_pb_line_break_holder||Nombre: %%Nombre%%||et_pb_line_break_holder||Email: %%Email%%||et_pb_line_break_holder||Telefono: %%Telefono%%||et_pb_line_break_holder||Mensaje: %%Mensaje%%\u00bb submit_button_text=\u00bbEnviar\u00bb module_id=\u00bbet_pb_contact_form_0&#8243; _builder_version=\u00bb4.14.2&#8243; _unique_id=\u00bbf181de1d-a8b2-4349-a48e-ae3d582ffd51&#8243; form_field_background_color=\u00bb#ffffff\u00bb form_field_text_color=\u00bbrgba(0,0,0,0.7)\u00bb title_level=\u00bbh2&#8243; title_font=\u00bbPlayfair Display|700||on|||||\u00bb title_text_align=\u00bbcenter\u00bb title_font_size=\u00bb38px\u00bb title_line_height=\u00bb1.4em\u00bb form_field_font=\u00bbPoppins|600||on|||||\u00bb form_field_font_size=\u00bb12px\u00bb form_field_letter_spacing=\u00bb2px\u00bb custom_button=\u00bbon\u00bb button_text_color=\u00bb#ffffff\u00bb button_bg_color=\u00bb#de5819&#8243; button_border_width=\u00bb0px\u00bb button_border_radius=\u00bb0px\u00bb button_letter_spacing=\u00bb1px\u00bb button_font=\u00bbSaira Extra Condensed|600||on|||||\u00bb button_icon=\u00bb&#x24;||divi||400&#8243; custom_margin=\u00bb|||\u00bb custom_padding=\u00bb|||\u00bb border_color_all=\u00bb#dfdfe3&#8243; border_width_bottom=\u00bb1px\u00bb form_background_color=\u00bb#ffffff\u00bb locked=\u00bboff\u00bb global_colors_info=\u00bb{}\u00bb button_letter_spacing_hover=\u00bb1px\u00bb][et_pb_contact_field field_id=\u00bbNombre\u00bb field_title=\u00bbNombre\u00bb fullwidth_field=\u00bbon\u00bb _builder_version=\u00bb4.14.2&#8243; form_field_font=\u00bb||||||||\u00bb custom_margin=\u00bb||20px|\u00bb custom_padding=\u00bb|||\u00bb global_colors_info=\u00bb{}\u00bb button_text_size__hover_enabled=\u00bboff\u00bb button_one_text_size__hover_enabled=\u00bboff\u00bb button_two_text_size__hover_enabled=\u00bboff\u00bb button_text_color__hover_enabled=\u00bboff\u00bb button_one_text_color__hover_enabled=\u00bboff\u00bb button_two_text_color__hover_enabled=\u00bboff\u00bb button_border_width__hover_enabled=\u00bboff\u00bb button_one_border_width__hover_enabled=\u00bboff\u00bb button_two_border_width__hover_enabled=\u00bboff\u00bb button_border_color__hover_enabled=\u00bboff\u00bb button_one_border_color__hover_enabled=\u00bboff\u00bb button_two_border_color__hover_enabled=\u00bboff\u00bb button_border_radius__hover_enabled=\u00bboff\u00bb button_one_border_radius__hover_enabled=\u00bboff\u00bb button_two_border_radius__hover_enabled=\u00bboff\u00bb button_letter_spacing__hover_enabled=\u00bboff\u00bb button_one_letter_spacing__hover_enabled=\u00bboff\u00bb button_two_letter_spacing__hover_enabled=\u00bboff\u00bb button_bg_color__hover_enabled=\u00bboff\u00bb button_one_bg_color__hover_enabled=\u00bboff\u00bb button_two_bg_color__hover_enabled=\u00bboff\u00bb][\/et_pb_contact_field][et_pb_contact_field field_id=\u00bbEmail\u00bb field_title=\u00bbCorreo Electr\u00f3nico\u00bb fullwidth_field=\u00bbon\u00bb _builder_version=\u00bb4.14.2&#8243; form_field_font=\u00bb||||||||\u00bb custom_margin=\u00bb||20px|\u00bb global_colors_info=\u00bb{}\u00bb button_text_size__hover_enabled=\u00bboff\u00bb button_one_text_size__hover_enabled=\u00bboff\u00bb button_two_text_size__hover_enabled=\u00bboff\u00bb button_text_color__hover_enabled=\u00bboff\u00bb button_one_text_color__hover_enabled=\u00bboff\u00bb button_two_text_color__hover_enabled=\u00bboff\u00bb button_border_width__hover_enabled=\u00bboff\u00bb button_one_border_width__hover_enabled=\u00bboff\u00bb button_two_border_width__hover_enabled=\u00bboff\u00bb button_border_color__hover_enabled=\u00bboff\u00bb button_one_border_color__hover_enabled=\u00bboff\u00bb button_two_border_color__hover_enabled=\u00bboff\u00bb button_border_radius__hover_enabled=\u00bboff\u00bb button_one_border_radius__hover_enabled=\u00bboff\u00bb button_two_border_radius__hover_enabled=\u00bboff\u00bb button_letter_spacing__hover_enabled=\u00bboff\u00bb button_one_letter_spacing__hover_enabled=\u00bboff\u00bb button_two_letter_spacing__hover_enabled=\u00bboff\u00bb button_bg_color__hover_enabled=\u00bboff\u00bb button_one_bg_color__hover_enabled=\u00bboff\u00bb button_two_bg_color__hover_enabled=\u00bboff\u00bb][\/et_pb_contact_field][et_pb_contact_field field_id=\u00bbTelefono\u00bb field_title=\u00bbTel\u00e9fono\u00bb allowed_symbols=\u00bbnumbers\u00bb required_mark=\u00bboff\u00bb fullwidth_field=\u00bbon\u00bb _builder_version=\u00bb4.14.2&#8243; form_field_font=\u00bb||||||||\u00bb custom_margin=\u00bb||20px|\u00bb global_colors_info=\u00bb{}\u00bb button_text_size__hover_enabled=\u00bboff\u00bb button_one_text_size__hover_enabled=\u00bboff\u00bb button_two_text_size__hover_enabled=\u00bboff\u00bb button_text_color__hover_enabled=\u00bboff\u00bb button_one_text_color__hover_enabled=\u00bboff\u00bb button_two_text_color__hover_enabled=\u00bboff\u00bb button_border_width__hover_enabled=\u00bboff\u00bb button_one_border_width__hover_enabled=\u00bboff\u00bb button_two_border_width__hover_enabled=\u00bboff\u00bb button_border_color__hover_enabled=\u00bboff\u00bb button_one_border_color__hover_enabled=\u00bboff\u00bb button_two_border_color__hover_enabled=\u00bboff\u00bb button_border_radius__hover_enabled=\u00bboff\u00bb button_one_border_radius__hover_enabled=\u00bboff\u00bb button_two_border_radius__hover_enabled=\u00bboff\u00bb button_letter_spacing__hover_enabled=\u00bboff\u00bb button_one_letter_spacing__hover_enabled=\u00bboff\u00bb button_two_letter_spacing__hover_enabled=\u00bboff\u00bb button_bg_color__hover_enabled=\u00bboff\u00bb button_one_bg_color__hover_enabled=\u00bboff\u00bb button_two_bg_color__hover_enabled=\u00bboff\u00bb][\/et_pb_contact_field][et_pb_contact_field field_id=\u00bbMensaje\u00bb field_title=\u00bbMensaje\u00bb field_type=\u00bbtext\u00bb fullwidth_field=\u00bbon\u00bb _builder_version=\u00bb4.14.2&#8243; form_field_background_color=\u00bbrgba(12,12,12,0.02)\u00bb form_field_font=\u00bb||||||||\u00bb custom_margin=\u00bb40px||20px|\u00bb border_width_all=\u00bb1px\u00bb field_background_color=\u00bbrgba(12,12,12,0.02)\u00bb global_colors_info=\u00bb{}\u00bb button_text_size__hover_enabled=\u00bboff\u00bb button_one_text_size__hover_enabled=\u00bboff\u00bb button_two_text_size__hover_enabled=\u00bboff\u00bb button_text_color__hover_enabled=\u00bboff\u00bb button_one_text_color__hover_enabled=\u00bboff\u00bb button_two_text_color__hover_enabled=\u00bboff\u00bb button_border_width__hover_enabled=\u00bboff\u00bb button_one_border_width__hover_enabled=\u00bboff\u00bb button_two_border_width__hover_enabled=\u00bboff\u00bb button_border_color__hover_enabled=\u00bboff\u00bb button_one_border_color__hover_enabled=\u00bboff\u00bb button_two_border_color__hover_enabled=\u00bboff\u00bb button_border_radius__hover_enabled=\u00bboff\u00bb button_one_border_radius__hover_enabled=\u00bboff\u00bb button_two_border_radius__hover_enabled=\u00bboff\u00bb button_letter_spacing__hover_enabled=\u00bboff\u00bb button_one_letter_spacing__hover_enabled=\u00bboff\u00bb button_two_letter_spacing__hover_enabled=\u00bboff\u00bb button_bg_color__hover_enabled=\u00bboff\u00bb button_one_bg_color__hover_enabled=\u00bboff\u00bb button_two_bg_color__hover_enabled=\u00bboff\u00bb][\/et_pb_contact_field][\/et_pb_contact_form][\/et_pb_column_inner][\/et_pb_row_inner][\/et_pb_column][et_pb_column type=\u00bb1_2&#8243; _builder_version=\u00bb3.25&#8243; custom_padding=\u00bb|||\u00bb global_colors_info=\u00bb{}\u00bb custom_padding__hover=\u00bb|||\u00bb][et_pb_blurb title=\u00bbDirecci\u00f3n\u00bb use_icon=\u00bbon\u00bb font_icon=\u00bb&#xe081;||divi||400&#8243; icon_color=\u00bb#ffffff\u00bb image_icon_background_color=\u00bb#de5819&#8243; icon_placement=\u00bbleft\u00bb image_icon_width=\u00bb24px\u00bb _builder_version=\u00bb4.14.2&#8243; header_level=\u00bbh2&#8243; header_font=\u00bbPoppins|700||on|||||\u00bb header_text_align=\u00bbleft\u00bb header_text_color=\u00bb#000000&#8243; header_font_size=\u00bb16px\u00bb header_letter_spacing=\u00bb1px\u00bb body_font=\u00bbPoppins||||||||\u00bb body_text_color=\u00bb#000000&#8243; body_letter_spacing=\u00bb1px\u00bb body_line_height=\u00bb1.8em\u00bb image_icon_custom_padding=\u00bb8px|8px|8px|8px|false|false\u00bb text_orientation=\u00bbcenter\u00bb custom_margin=\u00bb||40px|\u00bb animation_style=\u00bbzoom\u00bb animation_intensity_zoom=\u00bb30%\u00bb animation=\u00bboff\u00bb border_style_all=\u00bbdashed\u00bb border_radii_image=\u00bbon|100%|100%|100%|100%\u00bb icon_font_size=\u00bb24px\u00bb use_circle=\u00bbon\u00bb circle_color=\u00bb#edbb5f\u00bb locked=\u00bboff\u00bb global_colors_info=\u00bb{}\u00bb image_icon_background_color__sticky_enabled=\u00bb#7EBEC5&#8243; image_icon_background_color__sticky=\u00bb#7EBEC5&#8243;]<\/p>\n<p class=\"_04xlpA direction-ltr align-end para-style-body\" style=\"text-align: justify;\"><span class=\"JsGRdQ\"><span style=\"color: #de5819;\">MOLINA DE SEGURA<\/span>: <\/span><span class=\"JsGRdQ\">Paseo Rosales, 13, ENTL0.2, 30500<\/span><\/p>\n<p class=\"_04xlpA direction-ltr align-end para-style-body\" style=\"text-align: justify;\"><span class=\"JsGRdQ\"><span style=\"color: #de5819;\">CARTAGENA: <\/span><span class=\"JsGRdQ\">Avda. Bruselas, Edf. Usos M\u00faltiples \u2013 1P Pol. Ind. Cabeza Beaza, 30353<\/span><\/span><\/p>\n<p class=\"_04xlpA direction-ltr align-end para-style-body\" style=\"text-align: justify;\"><span style=\"color: #de5819;\">MADRID:\u00a0<\/span><span class=\"JsGRdQ\">C\/ R\u00edos Rosas, 11 &#8211; 3\u00aa, 28003<\/span><\/p>\n<p class=\"_04xlpA direction-ltr align-end para-style-body\" style=\"text-align: justify;\"><span style=\"color: #de5819;\">JA\u00c9N:<\/span><\/p>\n<p class=\"_04xlpA direction-ltr align-end para-style-body\" style=\"text-align: justify;\">\u00dabeda<span class=\"JsGRdQ\"> &#8211; C\/ Jerqu\u00eda Alta, 2 &#8211; 2\u00ba, 23400<\/span><\/p>\n<p class=\"_04xlpA direction-ltr align-end para-style-body\" style=\"text-align: justify;\">\u00dabeda &#8211; Avda. Ciudad de Linares, 12 Bajo, 23400<\/p>\n<p>[\/et_pb_blurb][et_pb_blurb title=\u00bbTel\u00e9fono\u00bb use_icon=\u00bbon\u00bb font_icon=\u00bb&#xe090;||divi||400&#8243; icon_color=\u00bb#ffffff\u00bb image_icon_background_color=\u00bb#de5819&#8243; icon_placement=\u00bbleft\u00bb image_icon_width=\u00bb24px\u00bb _builder_version=\u00bb4.14.2&#8243; header_font=\u00bbPoppins|700||on|||||\u00bb header_text_align=\u00bbleft\u00bb header_text_color=\u00bb#000000&#8243; header_font_size=\u00bb16px\u00bb header_letter_spacing=\u00bb1px\u00bb body_font=\u00bbPoppins||||||||\u00bb body_text_color=\u00bb#000000&#8243; body_letter_spacing=\u00bb1px\u00bb body_line_height=\u00bb1.8em\u00bb image_icon_custom_padding=\u00bb8px|8px|8px|8px|false|false\u00bb text_orientation=\u00bbcenter\u00bb custom_margin=\u00bb||40px|\u00bb animation_style=\u00bbzoom\u00bb animation_intensity_zoom=\u00bb30%\u00bb animation=\u00bboff\u00bb border_style_all=\u00bbdashed\u00bb border_radii_image=\u00bbon|100%|100%|100%|100%\u00bb icon_font_size=\u00bb24px\u00bb use_circle=\u00bbon\u00bb circle_color=\u00bb#edbb5f\u00bb locked=\u00bboff\u00bb global_colors_info=\u00bb{}\u00bb image_icon_background_color__sticky_enabled=\u00bb#7EBEC5&#8243; image_icon_background_color__sticky=\u00bb#7EBEC5&#8243;]<\/p>\n<p style=\"text-align: justify;\">672 247 371 \/ 968 072 251<br \/>info@tudermur.es<\/p>\n<p>[\/et_pb_blurb][et_pb_blurb title=\u00bbHorario\u00bb use_icon=\u00bbon\u00bb font_icon=\u00bb&#xe06b;||divi||400&#8243; icon_color=\u00bb#ffffff\u00bb image_icon_background_color=\u00bb#de5819&#8243; icon_placement=\u00bbleft\u00bb image_icon_width=\u00bb24px\u00bb _builder_version=\u00bb4.14.2&#8243; header_font=\u00bbPoppins|700||on|||||\u00bb header_text_align=\u00bbleft\u00bb header_text_color=\u00bb#000000&#8243; header_font_size=\u00bb16px\u00bb header_letter_spacing=\u00bb1px\u00bb body_font=\u00bbPoppins||||||||\u00bb body_text_color=\u00bb#000000&#8243; body_letter_spacing=\u00bb1px\u00bb body_line_height=\u00bb1.8em\u00bb image_icon_custom_padding=\u00bb8px|8px|8px|8px|false|false\u00bb text_orientation=\u00bbcenter\u00bb custom_margin=\u00bb||40px|\u00bb animation_style=\u00bbzoom\u00bb animation_intensity_zoom=\u00bb30%\u00bb animation=\u00bboff\u00bb border_style_all=\u00bbdashed\u00bb border_radii_image=\u00bbon|100%|100%|100%|100%\u00bb icon_font_size=\u00bb24px\u00bb use_circle=\u00bbon\u00bb circle_color=\u00bb#edbb5f\u00bb locked=\u00bboff\u00bb global_colors_info=\u00bb{}\u00bb image_icon_background_color__sticky_enabled=\u00bb#7EBEC5&#8243; image_icon_background_color__sticky=\u00bb#7EBEC5&#8243;]<\/p>\n<p style=\"text-align: justify;\">Lunes a Viernes: 9:00 &#8211; 14:00 \/\u00a017:00-20:00<\/p>\n<p style=\"text-align: justify;\">S\u00e1bados y Domingo: Cerrado<\/p>\n<p>[\/et_pb_blurb][\/et_pb_column][\/et_pb_section][et_pb_section fb_built=\u00bb1&#8243; _builder_version=\u00bb4.14.2&#8243; _module_preset=\u00bbdefault\u00bb background_color=\u00bb#000000&#8243; custom_padding=\u00bb13px||17px|||\u00bb global_colors_info=\u00bb{}\u00bb][et_pb_row _builder_version=\u00bb4.14.2&#8243; _module_preset=\u00bbdefault\u00bb module_alignment=\u00bbcenter\u00bb custom_margin=\u00bb1%|auto||auto|false|false\u00bb custom_padding=\u00bb||2%||false|false\u00bb global_colors_info=\u00bb{}\u00bb][et_pb_column type=\u00bb4_4&#8243; _builder_version=\u00bb4.14.2&#8243; _module_preset=\u00bbdefault\u00bb global_colors_info=\u00bb{}\u00bb][et_pb_text _builder_version=\u00bb4.14.2&#8243; _module_preset=\u00bbdefault\u00bb text_font=\u00bbPoppins|||on|||||\u00bb text_font_size=\u00bb12px\u00bb text_orientation=\u00bbcenter\u00bb global_colors_info=\u00bb{}\u00bb]<\/p>\n<p style=\"text-align: center;\"><img loading=\"lazy\" decoding=\"async\" src=\"https:\/\/tudermur.es\/wp-content\/uploads\/2023\/05\/SUBVENCION-TUDERMUR-300x28.png\" width=\"300\" height=\"28\" alt=\"\" class=\"wp-image-879 alignnone size-medium\" \/><\/p>\n<h6 style=\"text-align: center;\"><span style=\"color: #ffffff;\">EMPRESA ACOGIDA A LAS SUBVENCIONES PARA EL MANTENIMIENTO DE EMPLEO, LA TRANSICI\u00d3N ECOL\u00d3GICA Y LA TRANSFORMACI\u00d3N DIGITAL<\/span><\/h6>\n<p><em><span style=\"color: #ffffff;\">El proyecto est\u00e1 incluido en el componente 23 (nuevas pol\u00edticas p\u00fablicas para un mercado de trabajo din\u00e1mico, resiliente e inclusivo) e inversi\u00f3n 4 (nuevos proyectos territoriales para el reequilibrio y la equidad) financiado por la Uni\u00f3n Europea (next generation eu), e incluido en el marco del Plan de Recuperaci\u00f3n, Transformaci\u00f3n y Resiliencia del Gobierno de Espa\u00f1a.<\/span><\/em><\/p>\n<p style=\"text-align: center;\"><span style=\"color: #ffffff;\"><\/span><\/p>\n<p>[\/et_pb_text][et_pb_text _builder_version=\u00bb4.14.2&#8243; _module_preset=\u00bbdefault\u00bb text_font=\u00bbPoppins|||on|||||\u00bb text_font_size=\u00bb12px\u00bb text_orientation=\u00bbcenter\u00bb hover_enabled=\u00bb0&#8243; global_colors_info=\u00bb{}\u00bb sticky_enabled=\u00bb0&#8243;]<\/p>\n<p><em><span style=\"color: #ffffff;\">Copyright 2022 @ TUDERMUR | Desarrollado por <a href=\"sjsocialmediamarketing.es\" target=\"_blank\" rel=\"noopener\" style=\"color: #ffffff;\">SJ Social Media Marketing<\/a><\/span><\/em><\/p>\n<p>[\/et_pb_text][\/et_pb_column][\/et_pb_row][\/et_pb_section]<\/p>\n","protected":false},"excerpt":{"rendered":"<p>\u00a1Cont\u00e1ctanos!MOLINA DE SEGURA: Paseo Rosales, 13, ENTL0.2, 30500 CARTAGENA: Avda. Bruselas, Edf. Usos M\u00faltiples \u2013 1P Pol. Ind. Cabeza Beaza, 30353 MADRID:\u00a0C\/ R\u00edos Rosas, 11 &#8211; 3\u00aa, 28003 JA\u00c9N: \u00dabeda &#8211; C\/ Jerqu\u00eda Alta, 2 &#8211; 2\u00ba, 23400 \u00dabeda &#8211; Avda. Ciudad de Linares, 12 Bajo, 23400672 247 371 \/ 968 072 251info@tudermur.esLunes a Viernes: [&hellip;]<\/p>\n","protected":false},"author":1,"featured_media":0,"parent":0,"menu_order":0,"comment_status":"closed","ping_status":"closed","template":"","meta":{"_et_pb_use_builder":"on","_et_pb_old_content":"","_et_gb_content_width":"","footnotes":""},"class_list":["post-44","page","type-page","status-publish","hentry"],"yoast_head":"<!-- This site is optimized with the Yoast SEO plugin v20.8 - https:\/\/yoast.com\/wordpress\/plugins\/seo\/ -->\n<title>Contacto - Tudermur - Consultora de Servicios Empresariales - Software de control horario - Formaci\u00f3n Bonificada - Protecci\u00f3n de datos - Planes de Iguadad<\/title>\n<meta name=\"robots\" content=\"index, follow, max-snippet:-1, max-image-preview:large, max-video-preview:-1\" \/>\n<link rel=\"canonical\" href=\"https:\/\/tudermur.es\/?page_id=44\" \/>\n<meta property=\"og:locale\" content=\"es_ES\" \/>\n<meta property=\"og:type\" content=\"article\" \/>\n<meta property=\"og:title\" content=\"Contacto - Tudermur - Consultora de Servicios Empresariales - Software de control horario - Formaci\u00f3n Bonificada - Protecci\u00f3n de datos - Planes de Iguadad\" \/>\n<meta property=\"og:description\" content=\"\u00a1Cont\u00e1ctanos!MOLINA DE SEGURA: Paseo Rosales, 13, ENTL0.2, 30500 CARTAGENA: Avda. Bruselas, Edf. Usos M\u00faltiples \u2013 1P Pol. Ind. Cabeza Beaza, 30353 MADRID:\u00a0C\/ R\u00edos Rosas, 11 - 3\u00aa, 28003 JA\u00c9N: \u00dabeda - C\/ Jerqu\u00eda Alta, 2 - 2\u00ba, 23400 \u00dabeda - Avda. Ciudad de Linares, 12 Bajo, 23400672 247 371 \/ 968 072 251info@tudermur.esLunes a Viernes: [&hellip;]\" \/>\n<meta property=\"og:url\" content=\"https:\/\/tudermur.es\/?page_id=44\" \/>\n<meta property=\"og:site_name\" content=\"Tudermur - Consultora de Servicios Empresariales - Software de control horario - Formaci\u00f3n Bonificada - Protecci\u00f3n de datos - Planes de Iguadad\" \/>\n<meta property=\"article:modified_time\" content=\"2023-05-25T09:07:29+00:00\" \/>\n<meta property=\"og:image\" content=\"https:\/\/tudermur.es\/wp-content\/uploads\/2023\/05\/SUBVENCION-TUDERMUR-300x28.png\" \/>\n<meta name=\"twitter:card\" content=\"summary_large_image\" \/>\n<meta name=\"twitter:label1\" content=\"Tiempo de lectura\" \/>\n\t<meta name=\"twitter:data1\" content=\"9 minutos\" \/>\n<script type=\"application\/ld+json\" class=\"yoast-schema-graph\">{\"@context\":\"https:\/\/schema.org\",\"@graph\":[{\"@type\":\"WebPage\",\"@id\":\"https:\/\/tudermur.es\/?page_id=44\",\"url\":\"https:\/\/tudermur.es\/?page_id=44\",\"name\":\"Contacto - Tudermur - Consultora de Servicios Empresariales - Software de control horario - Formaci\u00f3n Bonificada - Protecci\u00f3n de datos - Planes de Iguadad\",\"isPartOf\":{\"@id\":\"https:\/\/tudermur.es\/#website\"},\"datePublished\":\"2017-05-04T12:06:15+00:00\",\"dateModified\":\"2023-05-25T09:07:29+00:00\",\"breadcrumb\":{\"@id\":\"https:\/\/tudermur.es\/?page_id=44#breadcrumb\"},\"inLanguage\":\"es\",\"potentialAction\":[{\"@type\":\"ReadAction\",\"target\":[\"https:\/\/tudermur.es\/?page_id=44\"]}]},{\"@type\":\"BreadcrumbList\",\"@id\":\"https:\/\/tudermur.es\/?page_id=44#breadcrumb\",\"itemListElement\":[{\"@type\":\"ListItem\",\"position\":1,\"name\":\"Portada\",\"item\":\"https:\/\/tudermur.es\/\"},{\"@type\":\"ListItem\",\"position\":2,\"name\":\"Contacto\"}]},{\"@type\":\"WebSite\",\"@id\":\"https:\/\/tudermur.es\/#website\",\"url\":\"https:\/\/tudermur.es\/\",\"name\":\"Tudermur - Consultora de Servicios Empresariales - Software de control horario - Formaci\u00f3n Bonificada - Protecci\u00f3n de datos - Planes de Iguadad\",\"description\":\"Consultora de gesti\u00f3n y del conocimiento. Descubre nuestros servicios de control horario, planes de iguales, protecci\u00f3n de datos, formaci\u00f3n bonificada y prevenci\u00f3n de riesgos laborales.\",\"potentialAction\":[{\"@type\":\"SearchAction\",\"target\":{\"@type\":\"EntryPoint\",\"urlTemplate\":\"https:\/\/tudermur.es\/?s={search_term_string}\"},\"query-input\":\"required name=search_term_string\"}],\"inLanguage\":\"es\"}]}<\/script>\n<!-- \/ Yoast SEO plugin. -->","yoast_head_json":{"title":"Contacto - Tudermur - Consultora de Servicios Empresariales - Software de control horario - Formaci\u00f3n Bonificada - Protecci\u00f3n de datos - Planes de Iguadad","robots":{"index":"index","follow":"follow","max-snippet":"max-snippet:-1","max-image-preview":"max-image-preview:large","max-video-preview":"max-video-preview:-1"},"canonical":"https:\/\/tudermur.es\/?page_id=44","og_locale":"es_ES","og_type":"article","og_title":"Contacto - Tudermur - Consultora de Servicios Empresariales - Software de control horario - Formaci\u00f3n Bonificada - Protecci\u00f3n de datos - Planes de Iguadad","og_description":"\u00a1Cont\u00e1ctanos!MOLINA DE SEGURA: Paseo Rosales, 13, ENTL0.2, 30500 CARTAGENA: Avda. Bruselas, Edf. Usos M\u00faltiples \u2013 1P Pol. Ind. Cabeza Beaza, 30353 MADRID:\u00a0C\/ R\u00edos Rosas, 11 - 3\u00aa, 28003 JA\u00c9N: \u00dabeda - C\/ Jerqu\u00eda Alta, 2 - 2\u00ba, 23400 \u00dabeda - Avda. Ciudad de Linares, 12 Bajo, 23400672 247 371 \/ 968 072 251info@tudermur.esLunes a Viernes: [&hellip;]","og_url":"https:\/\/tudermur.es\/?page_id=44","og_site_name":"Tudermur - Consultora de Servicios Empresariales - Software de control horario - Formaci\u00f3n Bonificada - Protecci\u00f3n de datos - Planes de Iguadad","article_modified_time":"2023-05-25T09:07:29+00:00","og_image":[{"url":"https:\/\/tudermur.es\/wp-content\/uploads\/2023\/05\/SUBVENCION-TUDERMUR-300x28.png"}],"twitter_card":"summary_large_image","twitter_misc":{"Tiempo de lectura":"9 minutos"},"schema":{"@context":"https:\/\/schema.org","@graph":[{"@type":"WebPage","@id":"https:\/\/tudermur.es\/?page_id=44","url":"https:\/\/tudermur.es\/?page_id=44","name":"Contacto - Tudermur - Consultora de Servicios Empresariales - Software de control horario - Formaci\u00f3n Bonificada - Protecci\u00f3n de datos - Planes de Iguadad","isPartOf":{"@id":"https:\/\/tudermur.es\/#website"},"datePublished":"2017-05-04T12:06:15+00:00","dateModified":"2023-05-25T09:07:29+00:00","breadcrumb":{"@id":"https:\/\/tudermur.es\/?page_id=44#breadcrumb"},"inLanguage":"es","potentialAction":[{"@type":"ReadAction","target":["https:\/\/tudermur.es\/?page_id=44"]}]},{"@type":"BreadcrumbList","@id":"https:\/\/tudermur.es\/?page_id=44#breadcrumb","itemListElement":[{"@type":"ListItem","position":1,"name":"Portada","item":"https:\/\/tudermur.es\/"},{"@type":"ListItem","position":2,"name":"Contacto"}]},{"@type":"WebSite","@id":"https:\/\/tudermur.es\/#website","url":"https:\/\/tudermur.es\/","name":"Tudermur - Consultora de Servicios Empresariales - Software de control horario - Formaci\u00f3n Bonificada - Protecci\u00f3n de datos - Planes de Iguadad","description":"Consultora de gesti\u00f3n y del conocimiento. Descubre nuestros servicios de control horario, planes de iguales, protecci\u00f3n de datos, formaci\u00f3n bonificada y prevenci\u00f3n de riesgos laborales.","potentialAction":[{"@type":"SearchAction","target":{"@type":"EntryPoint","urlTemplate":"https:\/\/tudermur.es\/?s={search_term_string}"},"query-input":"required name=search_term_string"}],"inLanguage":"es"}]}},"_links":{"self":[{"href":"https:\/\/tudermur.es\/index.php?rest_route=\/wp\/v2\/pages\/44"}],"collection":[{"href":"https:\/\/tudermur.es\/index.php?rest_route=\/wp\/v2\/pages"}],"about":[{"href":"https:\/\/tudermur.es\/index.php?rest_route=\/wp\/v2\/types\/page"}],"author":[{"embeddable":true,"href":"https:\/\/tudermur.es\/index.php?rest_route=\/wp\/v2\/users\/1"}],"replies":[{"embeddable":true,"href":"https:\/\/tudermur.es\/index.php?rest_route=%2Fwp%2Fv2%2Fcomments&post=44"}],"version-history":[{"count":33,"href":"https:\/\/tudermur.es\/index.php?rest_route=\/wp\/v2\/pages\/44\/revisions"}],"predecessor-version":[{"id":915,"href":"https:\/\/tudermur.es\/index.php?rest_route=\/wp\/v2\/pages\/44\/revisions\/915"}],"wp:attachment":[{"href":"https:\/\/tudermur.es\/index.php?rest_route=%2Fwp%2Fv2%2Fmedia&parent=44"}],"curies":[{"name":"wp","href":"https:\/\/api.w.org\/{rel}","templated":true}]}}